{"id":1330,"date":"2023-02-18T09:48:14","date_gmt":"2023-02-18T08:48:14","guid":{"rendered":"https:\/\/inklusion-barrierefrei-idstein.de\/?page_id=1330"},"modified":"2023-11-02T14:10:14","modified_gmt":"2023-11-02T13:10:14","slug":"interessante-links-aus-der-welt","status":"publish","type":"page","link":"https:\/\/inklusion-barrierefrei-idstein.de\/index.php\/aktivitaeten\/interessante-links-aus-der-welt\/","title":{"rendered":"Interessante Links aus der Welt"},"content":{"rendered":"\n<p><strong>EUTB <\/strong><\/p>\n\n\n\n<p><a href=\"https:\/\/www.teilhabeberatung.de\/\">https:\/\/www.teilhabeberatung.de\/<\/a><\/p>\n\n\n\n<p><a href=\"https:\/\/raul.de\">https:\/\/raul.de<\/a><\/p>\n\n\n\n<figure class=\"wp-block-image size-large is-resized\"><img decoding=\"async\" src=\"https:\/\/raul.de\/wp-content\/uploads\/2022\/02\/Raul-Krauthausen_AS_30-300x300.png\" alt=\"\" style=\"width:154px;height:154px\"\/><\/figure>\n\n\n\n<p><em>\u201eAuch nicht-behinderte Menschen haben ein Recht darauf, mit behinderten Menschen zusammenzuleben.\u201c<\/em><\/p>\n\n\n\n<hr class=\"wp-block-separator has-alpha-channel-opacity\"\/>\n\n\n\n<p><a href=\"https:\/\/www.vdk.de\/hessen-thueringen\/?dscc=ok\">https:\/\/www.vdk.de\/hessen-thueringen\/?dscc=ok<\/a><\/p>\n\n\n\n<figure class=\"wp-block-image size-full\"><img loading=\"lazy\" decoding=\"async\" width=\"655\" height=\"90\" src=\"https:\/\/inklusion-barrierefrei-idstein.de\/wp-content\/uploads\/2023\/03\/image.png\" alt=\"\" class=\"wp-image-1516\" srcset=\"https:\/\/inklusion-barrierefrei-idstein.de\/wp-content\/uploads\/2023\/03\/image.png 655w, https:\/\/inklusion-barrierefrei-idstein.de\/wp-content\/uploads\/2023\/03\/image-300x41.png 300w\" sizes=\"auto, (max-width: 655px) 100vw, 655px\" \/><\/figure>\n\n\n\n<hr class=\"wp-block-separator has-alpha-channel-opacity\"\/>\n\n\n\n<p><\/p>\n\n\n\n<p><\/p>\n\n\n\n<h4 class=\"wp-block-heading\" id=\"betreuungsrecht-wunsche-mussen-berucksichtigt-werden\">Betreuungsrecht: W\u00fcnsche m\u00fcssen ber\u00fccksichtigt werden<\/h4>\n\n\n\n<h4 class=\"wp-block-heading\" id=\"mit-der-reform-des-betreuungsrechts-wird-die-selbstbestimmung-von-betreuten-personen-gestarkt\">Mit der Reform des Betreuungsrechts wird die Selbstbestimmung von betreuten Personen gest\u00e4rkt<\/h4>\n\n\n\n<p>1,3 Millionen Menschen in Deutschland \u2013 Menschen mit Behinderung oder einer psychischen Erkrankung, darunter auch Senioren \u2013 werden rechtlich betreut. Mit der Reform des Betreuungs- und des Vormundschaftsrechts hat sich einiges f\u00fcr sie ge\u00e4ndert.<\/p>\n\n\n\n<p><a href=\"https:\/\/www.vdk.de\/sys\/data\/16\/img\/h_00026003B1677589632.jpg\"><\/a><\/p>\n\n\n\n<p>Eine rechtliche Betreuung darf nur bestellt werden, wenn dies unbedingt notwendig ist. Sie kann erforderlich werden, wenn eine erwachsene Person ihre Angelegenheiten aufgrund einer Erkrankung oder Behinderung nicht (mehr) oder nur teilweise selbst regeln kann. Dazu muss ein Antrag gestellt werden. Das Betreuungsgericht \u00fcberpr\u00fcft den Fall sorgf\u00e4ltig und legt fest, in welchen Bereichen die betreute Person Unterst\u00fctzung ben\u00f6tigt.&nbsp;<\/p>\n\n\n\n<p>Die rechtliche Betreuung kann ein Familienmitglied, eine nahestehende Person, eine gesetzliche Betreuerin oder ein gesetzlicher Betreuer \u00fcbernehmen. Ebenfalls in Frage kommen Betreuungsvereine. Dort f\u00fchren ehrenamtliche Mitglieder die Betreuungen durch und werden von hauptamtlichen Fach-kr\u00e4ften beraten.&nbsp;<\/p>\n\n\n\n<p>Im Mittelpunkt des neuen Betreuungsrechts stehen die W\u00fcnsche und die Selbstbestimmung der zu betreuenden Personen. Damit soll die UN-Behindertenrechtskonvention umgesetzt werden. Betreuerinnen und Betreuer sind an den Willen und die W\u00fcnsche der Betroffenen gebunden und haben die Aufgabe, sie darin zu unterst\u00fctzen, ein weitgehend selbstbestimmtes Leben zu f\u00fchren. Der regelm\u00e4\u00dfigen Kommunikation und Information kommt dabei eine gro\u00dfe Bedeutung zu.&nbsp;<\/p>\n\n\n\n<p>Betreuerinnen und Betreuer sind verpflichtet, durch Erl\u00e4uterungen oder Beispiele die Entscheidungs-findung zu unterst\u00fctzen. Wenn jemand nicht mehr in der Lage ist, seinen Willen zu \u00e4u\u00dfern, dienen dessen mutma\u00dflichen W\u00fcnsche als Orientierung. Die stellvertretende Entscheidung durch eine Betreuerin oder einen Betreuer soll die Ausnahme sein.&nbsp;<\/p>\n\n\n\n<p>Auch die zwischenmenschliche Beziehung spielt eine gr\u00f6\u00dfere Rolle als bisher: Zu betreuende Personen haben ein Mitspracherecht, von wem sie betreut werden m\u00f6chten. Auf Wunsch k\u00f6nnen sie ihre Betreuerin oder ihren Betreuer noch vor Beginn kennenlernen.&nbsp;<\/p>\n\n\n\n<p>Letztere sind verpflichtet, regelm\u00e4\u00dfig Kontakt zu ihren Sch\u00fctzlingen zu halten und die Angelegenheiten mit ihnen zu besprechen. Neu eingef\u00fchrt wurde, dass die rechtlichen Betreuerinnen und Betreuer gegen\u00fcber nahen Angeh\u00f6rigen eine Auskunftspflicht haben, wenn dies nicht dem Wunsch der betreuten Person widerspricht. Allerdings muss nicht jeder Schritt und jede Entscheidung abgesprochen werden.&nbsp;<\/p>\n\n\n\n<p>Mit der Reform soll sich auch die Qualit\u00e4t der Betreuung verbessern. Gro\u00dfer Wert wird auf die Eignung gelegt. Berufsbetreuerinnen und -betreuer m\u00fcssen bei ihrer Stammbeh\u00f6rde registriert werden, beispielsweise beim Landratsamt. Dazu ist es notwendig, nachzuweisen, dass sie zuverl\u00e4ssig sind, das notwendige Fachwissen sowie soziale Kompetenzen haben. Unter anderem sollen sie ein polizeiliches F\u00fchrungszeugnis und eine Auskunft beim Vollstreckungsportal vorlegen. Das soll Missbrauch vorbeugen und das Verm\u00f6gen der betreuten Person sch\u00fctzen. Auch eine Berufshaftpflicht muss abgeschlossen werden, denn k\u00fcnftig sind Berufsbetreuerinnen und -betreuer f\u00fcr eventuelle Sch\u00e4den, die durch ihre Arbeit entstanden sind, haftbar beziehungsweise m\u00fcssen von sich aus nachweisen, dass sie diese nicht verursacht haben.&nbsp;<\/p>\n\n\n\n<p>Angeh\u00f6rige, die eine Betreuung \u00fcbernehmen, sollen k\u00fcnftig von der zust\u00e4ndigen Beh\u00f6rde bei ihren Aufgaben unterst\u00fctzt werden. Die Beh\u00f6rde soll zus\u00e4tzlich Beratung und Hilfe anbieten, beispielsweise bei einer Antragstellung. Wie dies konkret umgesetzt werden soll, ist bislang jedoch unklar.<\/p>\n\n\n\n<h4 class=\"wp-block-heading\" id=\"ehegatten-vertreten-sich\"><a href=\"https:\/\/www.vdk.de\/sys\/data\/16\/img\/h_00026003B1677589632.jpg\">Ehegatten vertreten sich&nbsp;<\/a><\/h4>\n\n\n\n<p>Neu ist auch das sogenannte Ehegattennotvertretungsrecht in Gesundheitsfragen: Ist ein Ehegatte aufgrund eines Unfalls oder einer Erkrankung bei medizinischen Fragen nicht mehr in der Lage, f\u00fcr sich selbst zu entscheiden, kann die Partnerin oder der Partner beispielsweise in \u00e4rztliche Eingriffe einwilligen, diese untersagen oder Behandlungsvertr\u00e4ge abschlie\u00dfen. Bisher war das nur m\u00f6glich, wenn eine entsprechende Vorsorgevollmacht vorlag.&nbsp;<\/p>\n\n\n\n<p>Die Neuregelung gilt ausschlie\u00dflich f\u00fcr den medizinischen Bereich. Sie umfasst keine Beh\u00f6rdeng\u00e4nge oder Bankgesch\u00e4fte. Daf\u00fcr ist weiterhin eine Vorsorgevollmacht notwendig. Nach sechs Monaten l\u00e4uft das Notvertretungsrecht aus. Dann muss eine Betreuerin oder ein Betreuer bestellt werden.<\/p>\n\n\n\n<ul class=\"wp-block-social-links is-layout-flex wp-block-social-links-is-layout-flex\"><\/ul>\n\n\n","protected":false},"excerpt":{"rendered":"<p>EUTB https:\/\/www.teilhabeberatung.de\/ https:\/\/raul.de \u201eAuch nicht-behinderte Menschen haben ein Recht darauf, mit behinderten Menschen zusammenzuleben.\u201c https:\/\/www.vdk.de\/hessen-thueringen\/?dscc=ok Betreuungsrecht: W\u00fcnsche m\u00fcssen ber\u00fccksichtigt werden Mit der Reform des Betreuungsrechts&#8230;<\/p>\n<div class=\"more-link-wrapper\"><a class=\"more-link\" href=\"https:\/\/inklusion-barrierefrei-idstein.de\/index.php\/aktivitaeten\/interessante-links-aus-der-welt\/\">Weiterlesen<span class=\"screen-reader-text\">Interessante Links aus der Welt<\/span><\/a><\/div>\n","protected":false},"author":1,"featured_media":0,"parent":1011,"menu_order":2,"comment_status":"closed","ping_status":"closed","template":"","meta":{"passster_activate_protection":false,"passster_protect_child_pages":"","passster_protection_type":"password","passster_password":"","passster_activate_overwrite_defaults":"","passster_headline":"","passster_instruction":"","passster_placeholder":"","passster_button":"","passster_id":"","passster_activate_misc_settings":"","passster_redirect_url":"","passster_hide":"no","passster_area_shortcode":"","footnotes":""},"class_list":["post-1330","page","type-page","status-publish","hentry","entry"],"_links":{"self":[{"href":"https:\/\/inklusion-barrierefrei-idstein.de\/index.php\/wp-json\/wp\/v2\/pages\/1330","targetHints":{"allow":["GET"]}}],"collection":[{"href":"https:\/\/inklusion-barrierefrei-idstein.de\/index.php\/wp-json\/wp\/v2\/pages"}],"about":[{"href":"https:\/\/inklusion-barrierefrei-idstein.de\/index.php\/wp-json\/wp\/v2\/types\/page"}],"author":[{"embeddable":true,"href":"https:\/\/inklusion-barrierefrei-idstein.de\/index.php\/wp-json\/wp\/v2\/users\/1"}],"replies":[{"embeddable":true,"href":"https:\/\/inklusion-barrierefrei-idstein.de\/index.php\/wp-json\/wp\/v2\/comments?post=1330"}],"version-history":[{"count":12,"href":"https:\/\/inklusion-barrierefrei-idstein.de\/index.php\/wp-json\/wp\/v2\/pages\/1330\/revisions"}],"predecessor-version":[{"id":1560,"href":"https:\/\/inklusion-barrierefrei-idstein.de\/index.php\/wp-json\/wp\/v2\/pages\/1330\/revisions\/1560"}],"up":[{"embeddable":true,"href":"https:\/\/inklusion-barrierefrei-idstein.de\/index.php\/wp-json\/wp\/v2\/pages\/1011"}],"wp:attachment":[{"href":"https:\/\/inklusion-barrierefrei-idstein.de\/index.php\/wp-json\/wp\/v2\/media?parent=1330"}],"curies":[{"name":"wp","href":"https:\/\/api.w.org\/{rel}","templated":true}]}}