{"id":1117,"date":"2023-02-10T09:28:36","date_gmt":"2023-02-10T08:28:36","guid":{"rendered":"https:\/\/inklusion-barrierefrei-idstein.de\/?page_id=1117"},"modified":"2023-09-04T15:03:49","modified_gmt":"2023-09-04T13:03:49","slug":"apotheken","status":"publish","type":"page","link":"https:\/\/inklusion-barrierefrei-idstein.de\/index.php\/stadtfuehrer-fuer-alle\/apotheken\/","title":{"rendered":"Apotheken"},"content":{"rendered":"\n<p><\/p>\n\n\n\n<p><\/p>\n\n\n\n<div class=\"wp-block-columns is-layout-flex wp-container-core-columns-is-layout-9d6595d7 wp-block-columns-is-layout-flex\">\n<div class=\"wp-block-column is-layout-flow wp-block-column-is-layout-flow\" style=\"flex-basis:33.33%\"><\/div>\n\n\n\n<div class=\"wp-block-column is-layout-flow wp-block-column-is-layout-flow\" style=\"flex-basis:66.66%\">\n<p><strong>Christophorus- Apotheke<\/strong><\/p>\n\n\n\n<p>Inh.: Christoph Huskamp Wiesbadener Stra\u00dfe 10<br>65510 Idstein<br>Tel.: 06126-4940 www.christophorus-apotheke24.de<\/p>\n\n\n\n<p>\u00d6ffnungszeiten:<\/p>\n\n\n\n<p>Mo.-Fr. 8:30-18:30Uhr Sa. 8:30-13:00 Uhr<\/p>\n\n\n\n<p>Erreichbarkeit<\/p>\n\n\n\n<p>Bushaltestelle in der N\u00e4he; Busbahnhof in ca. 100m<\/p>\n\n\n\n<p>Parken<\/p>\n\n\n\n<p>Parkm\u00f6glichkeit hinter dem Haus; Tiefgaragen L\u00f6herplatz + Stadthalle<\/p>\n\n\n\n<p>Zugang<\/p>\n\n\n\n<p>Ohne Hilfe m\u00f6glich, 2 Eing\u00e4nge<\/p>\n\n\n\n<p>Besonderer Service<\/p>\n\n\n\n<p>Holt Rezepte vom Arzt, liefert die Medikamente nach Hause. Versandkatalog mit<br>bis zu 45% Preisnachlass, Onlinebestellung<\/p>\n\n\n\n<hr class=\"wp-block-separator has-alpha-channel-opacity\"\/>\n\n\n\n<p><strong>Hexen-Apotheke<\/strong><\/p>\n\n\n\n<p> L\u00f6herplatz 2<br>65510 Idstein<br>Tel.: 06126-1009 www.Hexen-Apotheke.de<\/p>\n\n\n\n<p>\u00d6ffnungszeiten:<\/p>\n\n\n\n<p>Mo.-Fr. 8:30-13:00 + 14:30-18:30Uhr Sa. 8:30-13:00 Uhr<\/p>\n\n\n\n<p>Erreichbarkeit<\/p>\n\n\n\n<p>Zentraler Busbahnhof ca. 100m<\/p>\n\n\n\n<p>Parken<\/p>\n\n\n\n<p>Behindertengerechte Parkpl\u00e4tze vor dem Haus.<br>Tiefgaragen L\u00f6herplatz + Stadthalle<\/p>\n\n\n\n<p>Zugang<\/p>\n\n\n\n<p>Alles ohne Stufen; T\u00fcr \u00f6ffnet sich automatisch.<\/p>\n\n\n\n<p>Besonderer Service<\/p>\n\n\n\n<p>Parken in den Tiefgaragen wird beim Einkauf anteilm\u00e4\u00dfig verrechnet,<br>1\u20442 Stunde kostenloses Parken.<\/p>\n\n\n\n<p><\/p>\n\n\n\n<p><strong>Linda Apotheke<\/strong><\/p>\n\n\n\n<p>in der Kappus-Anlage Inh.: Michael Fischer e.k. Am Bahnhof 1-3<br>65510 Idstein<br>Tel.: 06126-505950 Freecall: 0800-5059500<\/p>\n\n\n\n<p>www.linda-apotheke-idstein.de<\/p>\n\n\n\n<p>\u00d6ffnungszeiten:<\/p>\n\n\n\n<p>Mo.-Fr. 8:00&nbsp;\u2013&nbsp;19:00Uhr Sa. 8:30&nbsp;\u2013&nbsp;14:00Uhr<\/p>\n\n\n\n<p>Erreichbarkeit<\/p>\n\n\n\n<p>Zentraler Busbahnhof ca.100m; Bahnhof in ca.100m<\/p>\n\n\n\n<p>Parken<\/p>\n\n\n\n<p>Gro\u00dfer Parkplatz vor dem Haus; davon einige behindertengerecht.<\/p>\n\n\n\n<p>Zugang<\/p>\n\n\n\n<p>Alles ohne Stufen; T\u00fcr \u00f6ffnet sich automatisch.<\/p>\n\n\n\n<p>Besonderer Service<\/p>\n\n\n\n<p>Holt Rezepte vom Arzt, liefert die Medikamente nach Hause.<\/p>\n\n\n\n<p><\/p>\n\n\n\n<p><strong>Linden-Apotheke<\/strong><\/p>\n\n\n\n<p>Inh.: Sabine R\u00f6ssert-Chegar Im Hopfenst\u00fcck 3<br>65510 Idstein<br>Tel.: 06126-2772<\/p>\n\n\n\n<p>www.Linden-Apotheke-Idstein.de<\/p>\n\n\n\n<p>\u00d6ffnungszeiten<\/p>\n\n\n\n<p>Mo.-Fr. 8:30-13:00+14:30-18:30Uhr Sa. 8:30-13:00Uhr<\/p>\n\n\n\n<p>Parken<\/p>\n\n\n\n<p>Behindertengerechter Parkplatz vor dem Haus und in ca.100m Umkreis<\/p>\n\n\n\n<p>Zugang<\/p>\n\n\n\n<p>Alles ohne Stufen; ohne Hilfe m\u00f6glich.<\/p>\n\n\n\n<p>Besonderer Service<\/p>\n\n\n\n<p>Rezept wird vom Arzt geholt, Medikamente werden nach Hause geliefert.<\/p>\n<\/div>\n<\/div>\n\n\n\n<p><\/p>\n\n\n\n<p><\/p>\n\n\n\n<p><\/p>\n","protected":false},"excerpt":{"rendered":"<p>Christophorus- Apotheke Inh.: Christoph Huskamp Wiesbadener Stra\u00dfe 1065510 IdsteinTel.: 06126-4940 www.christophorus-apotheke24.de \u00d6ffnungszeiten: Mo.-Fr. 8:30-18:30Uhr Sa. 8:30-13:00 Uhr Erreichbarkeit Bushaltestelle in der N\u00e4he; Busbahnhof in ca.&#8230;<\/p>\n<div class=\"more-link-wrapper\"><a class=\"more-link\" href=\"https:\/\/inklusion-barrierefrei-idstein.de\/index.php\/stadtfuehrer-fuer-alle\/apotheken\/\">Weiterlesen<span class=\"screen-reader-text\">Apotheken<\/span><\/a><\/div>\n","protected":false},"author":1,"featured_media":0,"parent":1003,"menu_order":0,"comment_status":"closed","ping_status":"closed","template":"","meta":{"passster_activate_protection":false,"passster_protect_child_pages":"","passster_protection_type":"password","passster_password":"","passster_activate_overwrite_defaults":"","passster_headline":"","passster_instruction":"","passster_placeholder":"","passster_button":"","passster_id":"","passster_activate_misc_settings":"","passster_redirect_url":"","passster_hide":"no","passster_area_shortcode":"","footnotes":""},"class_list":["post-1117","page","type-page","status-publish","hentry","entry"],"_links":{"self":[{"href":"https:\/\/inklusion-barrierefrei-idstein.de\/index.php\/wp-json\/wp\/v2\/pages\/1117","targetHints":{"allow":["GET"]}}],"collection":[{"href":"https:\/\/inklusion-barrierefrei-idstein.de\/index.php\/wp-json\/wp\/v2\/pages"}],"about":[{"href":"https:\/\/inklusion-barrierefrei-idstein.de\/index.php\/wp-json\/wp\/v2\/types\/page"}],"author":[{"embeddable":true,"href":"https:\/\/inklusion-barrierefrei-idstein.de\/index.php\/wp-json\/wp\/v2\/users\/1"}],"replies":[{"embeddable":true,"href":"https:\/\/inklusion-barrierefrei-idstein.de\/index.php\/wp-json\/wp\/v2\/comments?post=1117"}],"version-history":[{"count":3,"href":"https:\/\/inklusion-barrierefrei-idstein.de\/index.php\/wp-json\/wp\/v2\/pages\/1117\/revisions"}],"predecessor-version":[{"id":1550,"href":"https:\/\/inklusion-barrierefrei-idstein.de\/index.php\/wp-json\/wp\/v2\/pages\/1117\/revisions\/1550"}],"up":[{"embeddable":true,"href":"https:\/\/inklusion-barrierefrei-idstein.de\/index.php\/wp-json\/wp\/v2\/pages\/1003"}],"wp:attachment":[{"href":"https:\/\/inklusion-barrierefrei-idstein.de\/index.php\/wp-json\/wp\/v2\/media?parent=1117"}],"curies":[{"name":"wp","href":"https:\/\/api.w.org\/{rel}","templated":true}]}}