{"id":1059,"date":"2023-02-06T11:18:54","date_gmt":"2023-02-06T10:18:54","guid":{"rendered":"https:\/\/inklusion-barrierefrei-idstein.de\/?page_id=1059"},"modified":"2023-02-06T11:54:06","modified_gmt":"2023-02-06T10:54:06","slug":"datenschutz","status":"publish","type":"page","link":"https:\/\/inklusion-barrierefrei-idstein.de\/index.php\/datenschutz\/","title":{"rendered":"Datenschutz"},"content":{"rendered":"\n<h1 class=\"wp-block-heading\">Datenschutzerkl\u00e4rung<\/h1>\n\n\n\n<h2 class=\"wp-block-heading\">\u00a71 Information \u00fcber die Erhebung personenbezogener Daten<\/h2>\n\n\n\n<ol class=\"wp-block-list\">\n<li>Im Folgenden informieren wir \u00fcber die Erhebung personenbezogener Daten bei Nutzung unserer Website. Personenbezogene Daten sind alle Daten, die auf Sie pers\u00f6nlich beziehbar sind, z. B. Name, Adresse, E-Mail-Adressen, Nutzerverhalten.<\/li>\n\n\n\n<li>Verantwortlicher gem. Art.\u00a04 Abs.\u00a07 EU-Datenschutz-Grundverordnung (DS-GVO) ist <br>Siegbert Neid siehe Impressum.<\/li>\n\n\n\n<li>Bei Ihrer Kontaktaufnahme mit uns per E-Mail oder \u00fcber ein Kontaktformular werden die von Ihnen mitgeteilten Daten (Ihre E-Mail-Adresse, ggf. Ihr Name und Ihre Telefonnummer) von uns gespeichert, um Ihre Fragen zu beantworten. Sollte durch Ihre Anfrage sich ein Vertrag anbahnen oder ein Vertrag entstehen so berufen wir uns auf Art. 6 Abs. 1 lit. b DSGVO. Die in diesem Zusammenhang anfallenden Daten l\u00f6schen wir, nachdem die Speicherung nicht mehr erforderlich ist, oder schr\u00e4nken die Verarbeitung ein, falls gesetzliche Aufbewahrungspflichten bestehen.<br>Sollten f\u00fcr eine optimale Beratung Gesundheitsdaten anfallen, willigen Sie ein, dass wir die mitgeteilten Informationen verarbeiten, soweit dies zur Fragenbeantwortung und der Angabe von Empfehlungen erforderlich ist. (Rechtsgrundlage: Art. 9 Abs. 2 lit. a DSGVO)<\/li>\n\n\n\n<li>Falls wir f\u00fcr einzelne Funktionen unseres Angebots auf beauftragte Dienstleister zur\u00fcckgreifen oder Ihre Daten f\u00fcr werbliche Zwecke nutzen m\u00f6chten, werden wir Sie untenstehend im Detail \u00fcber die jeweiligen Vorg\u00e4nge informieren. Dabei nennen wir auch die festgelegten Kriterien der Speicherdauer.<\/li>\n<\/ol>\n\n\n\n<h2 class=\"wp-block-heading\">\u00a72 Ihre Rechte<\/h2>\n\n\n\n<ol class=\"wp-block-list\">\n<li>Sie haben gegen\u00fcber uns folgende Rechte hinsichtlich der Sie betreffenden personenbezogenen Daten:\n<ul class=\"wp-block-list\">\n<li>Recht auf Auskunft,<\/li>\n\n\n\n<li>Recht auf Berichtigung oder L\u00f6schung,<\/li>\n\n\n\n<li>Recht auf Einschr\u00e4nkung der Verarbeitung,<\/li>\n\n\n\n<li>Recht auf Widerspruch gegen die Verarbeitung,<\/li>\n\n\n\n<li>Recht auf Daten\u00fcbertragbarkeit.<\/li>\n<\/ul>\n<\/li>\n\n\n\n<li>Sie haben zudem das Recht, sich bei einer Datenschutz-Aufsichtsbeh\u00f6rde \u00fcber die Verarbeitung Ihrer personenbezogenen Daten durch uns zu beschweren.<\/li>\n<\/ol>\n\n\n\n<h2 class=\"wp-block-heading\">\u00a73 Erhebung personenbezogener Daten bei Besuch unserer Website<\/h2>\n\n\n\n<ol class=\"wp-block-list\">\n<li>Bei der blo\u00df informatorischen Nutzung der Website, also wenn Sie sich nicht registrieren oder uns anderweitig Informationen \u00fcbermitteln, erheben wir nur die personenbezogenen Daten, die Ihr Browser an unseren Server \u00fcbermittelt. Wenn Sie unsere Website betrachten m\u00f6chten, erheben wir die folgenden Daten, die f\u00fcr uns technisch erforderlich sind, um Ihnen unsere Website anzuzeigen und die Stabilit\u00e4t und Sicherheit zu gew\u00e4hrleisten (Rechtsgrundlage ist Art.&nbsp;6 Abs.&nbsp;1 S.&nbsp;1 lit. f DS-GVO):\n<ul class=\"wp-block-list\">\n<li>IP-Adresse<\/li>\n\n\n\n<li>Datum und Uhrzeit der Anfrage<\/li>\n\n\n\n<li>Zeitzonendifferenz zur Greenwich Mean Time (GMT)<\/li>\n\n\n\n<li>Inhalt der Anforderung (konkrete Seite)<\/li>\n\n\n\n<li>Zugriffsstatus\/HTTP-Statuscode<\/li>\n\n\n\n<li>jeweils \u00fcbertragene Datenmenge<\/li>\n\n\n\n<li>Website, von der die Anforderung kommt<\/li>\n\n\n\n<li>Browser<\/li>\n\n\n\n<li>Betriebssystem und dessen Oberfl\u00e4che<\/li>\n\n\n\n<li>Sprache und Version der Browsersoftware.<\/li>\n<\/ul>\n<\/li>\n\n\n\n<li>Zus\u00e4tzlich zu den zuvor genannten Daten werden bei Ihrer Nutzung unserer Website Cookies auf Ihrem Rechner gespeichert. Bei Cookies handelt es sich um kleine Textdateien, die auf Ihrer Festplatte dem von Ihnen verwendeten Browser zugeordnet gespeichert werden und durch welche der Stelle, die den Cookie setzt (hier durch uns), bestimmte Informationen zuflie\u00dfen. Cookies k\u00f6nnen keine Programme ausf\u00fchren oder Viren auf Ihren Computer \u00fcbertragen. Sie dienen dazu, das Internetangebot insgesamt nutzerfreundlicher und effektiver zu machen.<\/li>\n<\/ol>\n\n\n\n<p>3. Einsatz von Cookies:<br>a) Diese Website nutzt folgende Arten von Cookies, deren Umfang und Funktionsweise im Folgenden erl\u00e4utert werden:<\/p>\n\n\n\n<ul class=\"wp-block-list\">\n<li>Transiente Cookies (dazu b)<\/li>\n\n\n\n<li>Persistente Cookies (dazu c).<\/li>\n<\/ul>\n\n\n\n<p>b) Transiente Cookies werden automatisiert gel\u00f6scht, wenn Sie den Browser schlie\u00dfen. Dazu z\u00e4hlen insbesondere die Session-Cookies. Diese speichern eine sogenannte Session-ID, mit welcher sich verschiedene Anfragen Ihres Browsers der gemeinsamen Sitzung zuordnen lassen. Dadurch kann Ihr Rechner wiedererkannt werden, wenn Sie auf unsere Website zur\u00fcckkehren. Die Session-Cookies werden gel\u00f6scht, wenn Sie sich ausloggen oder den Browser schlie\u00dfen.<\/p>\n\n\n\n<p>c) Persistente Cookies werden automatisiert nach einer vorgegebenen Dauer gel\u00f6scht, die sich je nach Cookie unterscheiden kann. Sie k\u00f6nnen die Cookies in den Sicherheitseinstellungen Ihres Browsers jederzeit l\u00f6schen.<\/p>\n\n\n\n<p>d) Sie k\u00f6nnen Ihre Browser-Einstellung entsprechend Ihren W\u00fcnschen konfigurieren und z. B. die Annahme von Third-Party-Cookies oder allen Cookies ablehnen. Wir weisen Sie darauf hin, dass Sie eventuell nicht alle Funktionen dieser Website nutzen k\u00f6nnen.<\/p>\n\n\n\n<p>e) Wir setzen Cookies ein, um Sie f\u00fcr Folgebesuche identifizieren zu k\u00f6nnen, falls Sie \u00fcber einen Account bei uns verf\u00fcgen. Andernfalls m\u00fcssten Sie sich f\u00fcr jeden Besuch erneut einloggen.<\/p>\n\n\n\n<p>f) Die genutzten Flash-Cookies werden nicht durch Ihren Browser erfasst, sondern durch Ihr Flash-Plug-in. Weiterhin nutzen wir HTML5 storage objects, die auf Ihrem Endger\u00e4t abgelegt werden. Diese Objekte speichern die erforderlichen Daten unabh\u00e4ngig von Ihrem verwendeten Browser und haben kein automatisches Ablaufdatum. Wenn Sie keine Verarbeitung der Flash-Cookies w\u00fcnschen, m\u00fcssen Sie ein entsprechendes Add-On installieren. Die Nutzung von HTML5 storage objects k\u00f6nnen Sie verhindern, indem Sie in Ihrem Browser den privaten Modus einsetzen. Zudem empfehlen wir, regelm\u00e4\u00dfig Ihre Cookies und den Browser-Verlauf manuell zu l\u00f6schen.<\/p>\n\n\n\n<h2 class=\"wp-block-heading\">\u00a74 Weitere Funktionen und Angebote unserer Website<\/h2>\n\n\n\n<ol class=\"wp-block-list\">\n<li>Neben der rein informatorischen Nutzung unserer Website bieten wir verschiedene Leistungen an, die Sie bei Interesse nutzen k\u00f6nnen. Dazu m\u00fcssen Sie in der Regel weitere personenbezogene Daten angeben, die wir zur Erbringung der jeweiligen Leistung nutzen und f\u00fcr die die zuvor genannten Grunds\u00e4tze zur Datenverarbeitung gelten.<\/li>\n\n\n\n<li>Teilweise bedienen wir uns zur Verarbeitung Ihrer Daten externer Dienstleister. Diese wurden von uns sorgf\u00e4ltig ausgew\u00e4hlt und beauftragt, sind an unsere Weisungen gebunden und werden regelm\u00e4\u00dfig kontrolliert.<\/li>\n\n\n\n<li>Weiterhin k\u00f6nnen wir Ihre personenbezogenen Daten an Dritte weitergeben, wenn Aktionsteilnahmen, Gewinnspiele, Vertragsabschl\u00fcsse oder \u00e4hnliche Leistungen von uns gemeinsam mit Partnern angeboten werden. N\u00e4here Informationen hierzu erhalten Sie bei Angabe Ihrer personenbezogenen Daten oder untenstehend in der Beschreibung des Angebotes.<\/li>\n\n\n\n<li>Soweit unsere Dienstleister oder Partner ihren Sitz in einem Staat au\u00dferhalb des Europ\u00e4ischen Wirtschaftsraumen (EWR) haben, informieren wir Sie \u00fcber die Folgen dieses Umstands in der Beschreibung des Angebotes.<\/li>\n<\/ol>\n\n\n\n<h2 class=\"wp-block-heading\">\u00a75 Widerspruch oder Widerruf gegen die Verarbeitung Ihrer Daten<\/h2>\n\n\n\n<ol class=\"wp-block-list\">\n<li>Falls Sie eine Einwilligung zur Verarbeitung Ihrer Daten erteilt haben, k\u00f6nnen Sie diese jederzeit widerrufen. Ein solcher Widerruf beeinflusst die Zul\u00e4ssigkeit der Verarbeitung Ihrer personenbezogenen Daten, nachdem Sie ihn gegen\u00fcber uns ausgesprochen haben.<\/li>\n\n\n\n<li>Soweit wir die Verarbeitung Ihrer personenbezogenen Daten auf die Interessenabw\u00e4gung st\u00fctzen, k\u00f6nnen Sie Widerspruch gegen die Verarbeitung einlegen. Dies ist der Fall, wenn die Verarbeitung insbesondere nicht zur Erf\u00fcllung eines Vertrags mit Ihnen erforderlich ist, was von uns jeweils bei der nachfolgenden Beschreibung der Funktionen dargestellt wird. Bei Aus\u00fcbung eines solchen Widerspruchs bitten wir um Darlegung der Gr\u00fcnde, weshalb wir Ihre personenbezogenen Daten nicht wie von uns durchgef\u00fchrt verarbeiten sollten. Im Falle Ihres begr\u00fcndeten Widerspruchs pr\u00fcfen wir die Sachlage und werden entweder die Datenverarbeitung einstellen bzw. anpassen oder Ihnen unsere zwingenden schutzw\u00fcrdigen Gr\u00fcnde aufzeigen, aufgrund derer wir die Verarbeitung fortf\u00fchren.<\/li>\n\n\n\n<li>Selbstverst\u00e4ndlich k\u00f6nnen Sie der Verarbeitung Ihrer personenbezogenen Daten f\u00fcr Zwecke der Werbung und Datenanalyse jederzeit widersprechen. \u00dcber Ihren Werbewiderspruch k\u00f6nnen Sie uns unter den oben genannten Kontaktdaten informieren.<\/li>\n<\/ol>\n\n\n\n<h2 class=\"wp-block-heading\">\u00a76 Web Analytics und weitere Medien<\/h2>\n\n\n\n<p><strong>Einsatz <\/strong><\/p>\n\n\n\n<ol class=\"wp-block-list\">\n<li>Diese Website nutzt, wenn Sie ihn aktiviert haben, den Webanalysedienst, um die Nutzung unserer Website analysieren und regelm\u00e4\u00dfig verbessern zu k\u00f6nnen. \u00dcber die gewonnenen Statistiken k\u00f6nnen wir unser Angebot verbessern und f\u00fcr Sie als Nutzer interessanter ausgestalten. Rechtsgrundlage f\u00fcr die Nutzung von Piwik ist Art. 6 Abs. 1 S. 1 lit. f DS-GVO.<\/li>\n\n\n\n<li>F\u00fcr diese Auswertung werden Cookies (n\u00e4heres dazu in \u00a7 3) auf Ihrem Computer gespeichert. Die so erhobenen Informationen speichert der Verantwortliche ausschlie\u00dflich auf seinem Server. Die Auswertung k\u00f6nnen Sie einstellen durch L\u00f6schung vorhandener Cookies und die Verhinderung der Speicherung von Cookies. Wenn Sie die Speicherung der Cookies verhindern, weisen wir darauf hin, dass Sie gegebenenfalls diese Website nicht vollumf\u00e4nglich nutzen k\u00f6nnen. Die Verhinderung der Speicherung von Cookies ist durch die Einstellung in ihrem Browser m\u00f6glich. <\/li>\n<\/ol>\n\n\n\n<p><\/p>\n\n\n\n<p><strong>YouTube-Videos<\/strong><\/p>\n\n\n\n<ol class=\"wp-block-list\">\n<li>a) Wir haben YouTube-Videos in unser Online-Angebot eingebunden, die auf&nbsp;<a href=\"http:\/\/www.youtube.com\/\" target=\"_blank\" rel=\"noreferrer noopener\">http:\/\/www.YouTube.com<\/a>&nbsp;gespeichert sind und von unserer Website aus direkt abspielbar sind. [Diese sind alle im \u201eerweiterten Datenschutz-Modus\u201c eingebunden, d.\u2009h. dass keine Daten \u00fcber Sie als Nutzer an YouTube \u00fcbertragen werden, wenn Sie die Videos nicht abspielen. Erst wenn Sie die Videos abspielen, werden die in Absatz 2 genannten Daten \u00fcbertragen. Auf diese Daten\u00fcbertragung haben wir keinen Einfluss.]<\/li>\n\n\n\n<li>b) Durch den Besuch auf der Website erh\u00e4lt YouTube die Information, dass Sie die entsprechende Unterseite unserer Website aufgerufen haben. Zudem werden die unter \u00a7 3 dieser Erkl\u00e4rung genannten Daten \u00fcbermittelt. Dies erfolgt unabh\u00e4ngig davon, ob YouTube ein Nutzerkonto bereitstellt, \u00fcber das Sie eingeloggt sind, oder ob kein Nutzerkonto besteht. Wenn Sie bei Google eingeloggt sind, werden Ihre Daten direkt Ihrem Konto zugeordnet. Wenn Sie die Zuordnung mit Ihrem Profil bei YouTube nicht w\u00fcnschen, m\u00fcssen Sie sich vor Aktivierung des Buttons ausloggen. YouTube speichert Ihre Daten als Nutzungsprofile und nutzt sie f\u00fcr Zwecke der Werbung, Marktforschung und\/oder bedarfsgerechten Gestaltung seiner Website. Eine solche Auswertung erfolgt insbesondere (selbst f\u00fcr nicht eingeloggte Nutzer) zur Erbringung von bedarfsgerechter Werbung und um andere Nutzer des sozialen Netzwerks \u00fcber Ihre Aktivit\u00e4ten auf unserer Website zu informieren. Ihnen steht ein Widerspruchsrecht zu gegen die Bildung dieser Nutzerprofile, wobei Sie sich zur Aus\u00fcbung dessen an YouTube richten m\u00fcssen.<\/li>\n\n\n\n<li>c) Weitere Informationen zu Zweck und Umfang der Datenerhebung und ihrer Verarbeitung durch YouTube erhalten Sie in der Datenschutzerkl\u00e4rung. Dort erhalten Sie auch weitere Informationen zu Ihren Rechten und Einstellungsm\u00f6glichkeiten zum Schutze Ihrer Privatsph\u00e4re:&nbsp;<a href=\"https:\/\/www.google.de\/intl\/de\/policies\/privacy\" target=\"_blank\" rel=\"noreferrer noopener\">https:\/\/www.google.de\/intl\/de\/policies\/privacy<\/a>. Google verarbeitet Ihre personenbezogenen Daten auch in den USA und hat sich dem EU-US-Privacy-Shield unterworfen,&nbsp;<a href=\"https:\/\/www.privacyshield.gov\/EU-US-Framework\">https:\/\/www.privacyshield.gov\/EU-US-Framework<\/a>.<\/li>\n<\/ol>\n\n\n\n<h2 class=\"wp-block-heading\">Weitere Social-Media-Plugins im Einsatz<\/h2>\n\n\n\n<ol class=\"wp-block-list\">\n<li>Wir setzen derzeit folgende weitere Social-Media-Plug-ins ein:\n<ul class=\"wp-block-list\">\n<li>Facebook<\/li>\n\n\n\n<li>twitter<\/li>\n\n\n\n<li>Linkedin<\/li>\n\n\n\n<li>Pinterest&nbsp;<\/li>\n<\/ul>\n<\/li>\n\n\n\n<li>Wir nutzen dabei die sog. Zwei-Klick-L\u00f6sung. Das hei\u00dft, wenn Sie unsere Seite besuchen, werden zun\u00e4chst grunds\u00e4tzlich keine personenbezogenen Daten an die Anbieter der Plug-ins weitergegeben. Den Anbieter des Plug-ins erkennen Sie \u00fcber die Markierung auf dem Kasten \u00fcber seinen Anfangsbuchstaben oder das Logo. Wir er\u00f6ffnen Ihnen die M\u00f6glichkeit, \u00fcber den Button direkt mit dem Anbieter des Plug-ins zu kommunizieren. Nur wenn Sie auf das markierte Feld klicken und es dadurch aktivieren, erh\u00e4lt der Plug-in-Anbieter die Information, dass Sie die entsprechende Website unseres Online-Angebots aufgerufen haben. Zudem werden die unter \u00a7&nbsp;3 dieser Erkl\u00e4rung genannten Daten \u00fcbermittelt. Im Fall von Facebook u.\u00e4. wird nach Angaben der jeweiligen Anbieter in Deutschland die IP-Adresse sofort nach Erhebung anonymisiert. Durch die Aktivierung des Plug-ins werden also personenbezogene Daten von Ihnen an den jeweiligen Plug-in-Anbieter \u00fcbermittelt und dort (bei US-amerikanischen Anbietern in den USA) gespeichert. Da der Plug-in-Anbieter die Datenerhebung insbesondere \u00fcber Cookies vornimmt, empfehlen wir Ihnen, vor dem Klick auf den ausgegrauten Kasten \u00fcber die Sicherheitseinstellungen Ihres Browsers alle Cookies zu l\u00f6schen.<\/li>\n\n\n\n<li>Wir haben weder Einfluss auf die erhobenen Daten und Datenverarbeitungsvorg\u00e4nge, noch sind uns der volle Umfang der Datenerhebung, die Zwecke der Verarbeitung, die Speicherfristen bekannt. Auch zur L\u00f6schung der erhobenen Daten durch den Plug-in-Anbieter liegen uns keine Informationen vor.<\/li>\n\n\n\n<li>Der Plug-in-Anbieter speichert die \u00fcber Sie erhobenen Daten als Nutzungsprofile und nutzt diese f\u00fcr Zwecke der Werbung, Marktforschung und\/oder bedarfsgerechten Gestaltung seiner Website. Eine solche Auswertung erfolgt insbesondere (auch f\u00fcr nicht eingeloggte Nutzer) zur Darstellung von bedarfsgerechter Werbung und um andere Nutzer des sozialen Netzwerks \u00fcber Ihre Aktivit\u00e4ten auf unserer Website zu informieren. Ihnen steht ein Widerspruchsrecht gegen die Bildung dieser Nutzerprofile zu, wobei Sie sich zur Aus\u00fcbung dessen an den jeweiligen Plug-in-Anbieter wenden m\u00fcssen. \u00dcber die Plug-ins bieten wir Ihnen die M\u00f6glichkeit, mit den sozialen Netzwerken und anderen Nutzern zu interagieren, so dass wir unser Angebot verbessern und f\u00fcr Sie als Nutzer interessanter ausgestalten k\u00f6nnen. Rechtsgrundlage f\u00fcr die Nutzung der Plug-ins ist Art.&nbsp;6 Abs.&nbsp;1 S.&nbsp;1 lit. f DS-GVO.<\/li>\n\n\n\n<li>Die Datenweitergabe erfolgt unabh\u00e4ngig davon, ob Sie ein Konto bei dem Plug-in-Anbieter besitzen und dort eingeloggt sind. Wenn Sie bei dem Plug-in-Anbieter eingeloggt sind, werden Ihre bei uns erhobenen Daten direkt Ihrem beim Plug-in-Anbieter bestehenden Konto zugeordnet. Wenn Sie den aktivierten Button bet\u00e4tigen und z. B. die Seite verlinken, speichert der Plug-in-Anbieter auch diese Information in Ihrem Nutzerkonto und teilt sie Ihren Kontakten \u00f6ffentlich mit. Wir empfehlen Ihnen, sich nach Nutzung eines sozialen Netzwerks regelm\u00e4\u00dfig auszuloggen, insbesondere jedoch vor Aktivierung des Buttons, da Sie so eine Zuordnung zu Ihrem Profil bei dem Plug-in-Anbieter vermeiden k\u00f6nnen.<\/li>\n\n\n\n<li>Weitere Informationen zu Zweck und Umfang der Datenerhebung und ihrer Verarbeitung durch den Plug-in-Anbieter erhalten Sie in den im Folgenden mitgeteilten Datenschutzerkl\u00e4rungen dieser Anbieter. Dort erhalten Sie auch weitere Informationen zu Ihren diesbez\u00fcglichen Rechten und Einstellungsm\u00f6glichkeiten zum Schutze Ihrer Privatsph\u00e4re.<\/li>\n\n\n\n<li>Adressen der jeweiligen Plug-in-Anbieter und URL mit deren Datenschutzhinweisen:<\/li>\n<\/ol>\n\n\n\n<ul class=\"wp-block-list\">\n<li>Facebook Inc., 1601 S California Ave, Palo Alto, California 94304, USA;&nbsp;<a rel=\"noreferrer noopener\" href=\"http:\/\/www.facebook.com\/policy.php\" target=\"_blank\">http:\/\/www.facebook.com\/policy.php<\/a>; weitere Informationen zur Datenerhebung:&nbsp;<a rel=\"noreferrer noopener\" href=\"http:\/\/www.facebook.com\/help\/186325668085084\" target=\"_blank\">http:\/\/www.facebook.com\/help\/186325668085084<\/a>,&nbsp;<a rel=\"noreferrer noopener\" href=\"http:\/\/www.facebook.com\/about\/privacy\/your-info-on-other#applications\" target=\"_blank\">http:\/\/www.facebook.com\/about\/privacy\/your-info-on-other#applications<\/a>&nbsp;sowie&nbsp;<a rel=\"noreferrer noopener\" href=\"http:\/\/www.facebook.com\/about\/privacy\/your-info#everyoneinfo\" target=\"_blank\">http:\/\/www.facebook.com\/about\/privacy\/your-info#everyoneinfo<\/a>. Facebook hat sich dem EU-US-Privacy-Shield unterworfen,&nbsp;<a rel=\"noreferrer noopener\" href=\"https:\/\/www.privacyshield.gov\/EU-US-Framework\" target=\"_blank\">https:\/\/www.privacyshield.gov\/EU-US-Framework<\/a>.<\/li>\n\n\n\n<li>Twitter, Inc., 1355 Market St, Suite 900, San Francisco, California 94103, USA;&nbsp;<a rel=\"noreferrer noopener\" href=\"https:\/\/twitter.com\/privacy\" target=\"_blank\">https:\/\/twitter.com\/privacy<\/a>. Twitter hat sich dem EU-US-Privacy-Shield unterworfen,&nbsp;<a rel=\"noreferrer noopener\" href=\"https:\/\/www.privacyshield.gov\/EU-US-Framework\" target=\"_blank\">https:\/\/www.privacyshield.gov\/EU-US-Framework<\/a>.<\/li>\n\n\n\n<li>LinkedIn Corporation, 2029 Stierlin Court, Mountain View, CA 94043, USA;&nbsp;<br><a rel=\"noreferrer noopener\" href=\"https:\/\/www.linkedin.com\/legal\/privacy-policy\" target=\"_blank\">https:\/\/www.linkedin.com\/legal\/privacy-policy<\/a><\/li>\n\n\n\n<li>Pinterest Europe Ltd., Palmerston House, 2nd Floor, Fenian Street, Dublin 2, Ireland;<br><a href=\"https:\/\/policy.pinterest.com\/de\/privacy-policy\">https:\/\/policy.pinterest.com\/de\/privacy-policy<\/a>&nbsp;;&nbsp;<a rel=\"noreferrer noopener\" href=\"https:\/\/policy.pinterest.com\/de\/cookies\" target=\"_blank\">https:\/\/policy.pinterest.com\/de\/cookies<\/a><\/li>\n<\/ul>\n\n\n\n<hr class=\"wp-block-separator has-alpha-channel-opacity\"\/>\n\n\n\n<p><strong>Information \u00fcber Ihr Widerspruchsrecht Art. 21 DSGVO<\/strong><br>Sie haben das Recht, jederzeit gegen die Verarbeitung Ihrer Daten, die aufgrund von Art. 6 Abs. 1 f DSGVO (Datenverarbeitung auf der Grundlage einer Interessenabw\u00e4gung), Widerspruch einzulegen, wenn daf\u00fcr Gr\u00fcnde vorliegen, die sich aus Ihrer besonderen Situation ergeben. Dies gilt auch f\u00fcr ein auf diese Bestimmung gest\u00fctztes Profiling im Sinne von Art. 4 Nr. 4 DSGVO.<br>Legen Sie Widerspruch ein, werden wir Ihre personenbezogenen Daten nicht mehr verarbeiten, es sei denn, wir k\u00f6nnen zwingende schutzw\u00fcrdige Gr\u00fcnde f\u00fcr die Verarbeitung nachweisen, die Ihre Interessen, Rechte und Freiheiten \u00fcberwiegen, oder die Verarbeitung dient der Geltendmachung, Aus\u00fcbung oder Verteidigung von Rechtsanspr\u00fcchen.<br>Der Widerspruch kann formfrei erfolgen und kann an die unter \u00a7 1 genannten Kontakte gerichtet werden.<\/p>\n\n\n\n<p><a href=\"https:\/\/www.facebook.com\/sharer\/sharer.php?u=https%3A%2F%2Fwww.der-querschnitt.de%2Fdatenschutz\" class=\"\" target=\"_blank\" rel=\"noreferrer noopener\"><\/a><a href=\"https:\/\/www.linkedin.com\/shareArticle?mini=true&amp;url=https%3A%2F%2Fwww.der-querschnitt.de%2Fdatenschutz&amp;title=Datenschutz&amp;summary=\" class=\"\" target=\"_blank\" rel=\"noreferrer noopener\"><\/a><a href=\"https:\/\/twitter.com\/share?url=https%3A%2F%2Fwww.der-querschnitt.de%2Fdatenschutz&amp;text=Datenschutz\" class=\"\" target=\"_blank\" rel=\"noreferrer noopener\"><\/a><a href=\"\/\/send?text=Datenschutz%3A%20https%3A%2F%2Fwww.der-querschnitt.de%2Fdatenschutz\" target=\"_blank\" rel=\"noreferrer noopener\"><\/a><a href=\"mailto:?subject=Datenschutz&amp;body=Datenschutz+https%3A%2F%2Fwww.der-querschnitt.de%2Fdatenschutz\" class=\"\" target=\"_blank\" rel=\"noreferrer noopener\"><\/a><\/p>\n","protected":false},"excerpt":{"rendered":"<p>Datenschutzerkl\u00e4rung \u00a71 Information \u00fcber die Erhebung personenbezogener Daten \u00a72 Ihre Rechte \u00a73 Erhebung personenbezogener Daten bei Besuch unserer Website 3. Einsatz von Cookies:a) Diese Website&#8230;<\/p>\n<div class=\"more-link-wrapper\"><a class=\"more-link\" href=\"https:\/\/inklusion-barrierefrei-idstein.de\/index.php\/datenschutz\/\">Weiterlesen<span class=\"screen-reader-text\">Datenschutz<\/span><\/a><\/div>\n","protected":false},"author":1,"featured_media":0,"parent":0,"menu_order":0,"comment_status":"closed","ping_status":"closed","template":"","meta":{"passster_activate_protection":false,"passster_protect_child_pages":"","passster_protection_type":"password","passster_password":"","passster_activate_overwrite_defaults":"","passster_headline":"","passster_instruction":"","passster_placeholder":"","passster_button":"","passster_id":"","passster_activate_misc_settings":"","passster_redirect_url":"","passster_hide":"no","passster_area_shortcode":"","footnotes":""},"class_list":["post-1059","page","type-page","status-publish","hentry","entry"],"_links":{"self":[{"href":"https:\/\/inklusion-barrierefrei-idstein.de\/index.php\/wp-json\/wp\/v2\/pages\/1059","targetHints":{"allow":["GET"]}}],"collection":[{"href":"https:\/\/inklusion-barrierefrei-idstein.de\/index.php\/wp-json\/wp\/v2\/pages"}],"about":[{"href":"https:\/\/inklusion-barrierefrei-idstein.de\/index.php\/wp-json\/wp\/v2\/types\/page"}],"author":[{"embeddable":true,"href":"https:\/\/inklusion-barrierefrei-idstein.de\/index.php\/wp-json\/wp\/v2\/users\/1"}],"replies":[{"embeddable":true,"href":"https:\/\/inklusion-barrierefrei-idstein.de\/index.php\/wp-json\/wp\/v2\/comments?post=1059"}],"version-history":[{"count":3,"href":"https:\/\/inklusion-barrierefrei-idstein.de\/index.php\/wp-json\/wp\/v2\/pages\/1059\/revisions"}],"predecessor-version":[{"id":1067,"href":"https:\/\/inklusion-barrierefrei-idstein.de\/index.php\/wp-json\/wp\/v2\/pages\/1059\/revisions\/1067"}],"wp:attachment":[{"href":"https:\/\/inklusion-barrierefrei-idstein.de\/index.php\/wp-json\/wp\/v2\/media?parent=1059"}],"curies":[{"name":"wp","href":"https:\/\/api.w.org\/{rel}","templated":true}]}}