{"id":1010,"date":"2023-02-06T09:19:06","date_gmt":"2023-02-06T08:19:06","guid":{"rendered":"https:\/\/inklusion-barrierefrei-idstein.de\/?page_id=1010"},"modified":"2023-03-27T11:07:27","modified_gmt":"2023-03-27T09:07:27","slug":"ueber-uns","status":"publish","type":"page","link":"https:\/\/inklusion-barrierefrei-idstein.de\/","title":{"rendered":"\u00dcber uns"},"content":{"rendered":"\n<figure class=\"wp-block-image size-full is-resized\"><img loading=\"lazy\" decoding=\"async\" src=\"https:\/\/inklusion-barrierefrei-idstein.de\/wp-content\/uploads\/2022\/12\/LOGO-Neu-symbol.jpg\" alt=\"\" class=\"wp-image-8\" width=\"648\" height=\"458\" srcset=\"https:\/\/inklusion-barrierefrei-idstein.de\/wp-content\/uploads\/2022\/12\/LOGO-Neu-symbol.jpg 841w, https:\/\/inklusion-barrierefrei-idstein.de\/wp-content\/uploads\/2022\/12\/LOGO-Neu-symbol-300x212.jpg 300w, https:\/\/inklusion-barrierefrei-idstein.de\/wp-content\/uploads\/2022\/12\/LOGO-Neu-symbol-768x543.jpg 768w\" sizes=\"auto, (max-width: 648px) 100vw, 648px\" \/><\/figure>\n\n\n\n<p>ist eine Aktionsgruppe und ein Forum f\u00fcr die vielf\u00e4ltigen Bed\u00fcrfnisse von Menschen mit Beeintr\u00e4chtigung in Idstein und wirbt f\u00fcr deren Inklusion in allen Bereichen des t\u00e4glichen Lebens. Wir leben in Idstein und wollen die Teilhabe am Leben in der Stadt.<\/p>\n\n\n\n<p class=\"has-vivid-green-cyan-color has-text-color\"><strong>Die Gruppe ist offen f\u00fcr alle, mit und ohne Beeintr\u00e4chtigung.<\/strong><\/p>\n\n\n\n<p><strong>Warum machen wir das?<\/strong><\/p>\n\n\n\n<p>Wir wollen hier nicht \u00fcber die Definitionen und Gesetzgebung f\u00fcr Inklusion und Barrierefreiheit schreiben, die gibt es genug im Netz.<\/p>\n\n\n\n<p class=\"has-vivid-green-cyan-color has-text-color\"><strong>Eine inklusive Gesellschaft kann nur funktionieren, wenn die Kommunen die notwendigen Voraussetzungen daf\u00fcr schaffen.<\/strong><\/p>\n\n\n\n<p>Deshalb wollen wir \u00fcber das Leben in unserer Stadt schreiben und wo und warum noch viel zu tun ist.&nbsp;<\/p>\n\n\n\n<p>Wir wollen \u00fcber Ihre Meinung zu diesen Themen und \u00fcber ihre Erfahrungen schreiben und mit ihnen reden. &nbsp;<\/p>\n\n\n\n<p><\/p>\n\n\n\n<figure class=\"wp-block-image size-large is-resized\"><img loading=\"lazy\" decoding=\"async\" src=\"https:\/\/inklusion-barrierefrei-idstein.de\/wp-content\/uploads\/2023\/01\/P1690590-Kopie-bearb-1024x575.jpg\" alt=\"\" class=\"wp-image-912\" width=\"695\" height=\"390\" srcset=\"https:\/\/inklusion-barrierefrei-idstein.de\/wp-content\/uploads\/2023\/01\/P1690590-Kopie-bearb-1024x575.jpg 1024w, https:\/\/inklusion-barrierefrei-idstein.de\/wp-content\/uploads\/2023\/01\/P1690590-Kopie-bearb-300x169.jpg 300w, https:\/\/inklusion-barrierefrei-idstein.de\/wp-content\/uploads\/2023\/01\/P1690590-Kopie-bearb-768x432.jpg 768w, https:\/\/inklusion-barrierefrei-idstein.de\/wp-content\/uploads\/2023\/01\/P1690590-Kopie-bearb-1536x863.jpg 1536w, https:\/\/inklusion-barrierefrei-idstein.de\/wp-content\/uploads\/2023\/01\/P1690590-Kopie-bearb-2048x1151.jpg 2048w\" sizes=\"auto, (max-width: 695px) 100vw, 695px\" \/><\/figure>\n\n\n\n<p><\/p>\n\n\n<p class=\"alignfull is-style-outline wp-block-tag-cloud\"><a href=\"https:\/\/inklusion-barrierefrei-idstein.de\/index.php\/tag\/barrierefreiheit\/\" class=\"tag-cloud-link tag-link-22 tag-link-position-1\" style=\"font-size: 8pt;\" aria-label=\"barrierefreiheit (1\u00a0Eintrag)\">barrierefreiheit<\/a>\n<a href=\"https:\/\/inklusion-barrierefrei-idstein.de\/index.php\/tag\/barrierefrei-idstein\/\" class=\"tag-cloud-link tag-link-21 tag-link-position-2\" style=\"font-size: 18.5pt;\" aria-label=\"barrierefrei idstein (3\u00a0Eintr\u00e4ge)\">barrierefrei idstein<\/a>\n<a href=\"https:\/\/inklusion-barrierefrei-idstein.de\/index.php\/tag\/barrierefrei-wc\/\" class=\"tag-cloud-link tag-link-15 tag-link-position-3\" style=\"font-size: 8pt;\" aria-label=\"barrierefrei WC (1\u00a0Eintrag)\">barrierefrei WC<\/a>\n<a href=\"https:\/\/inklusion-barrierefrei-idstein.de\/index.php\/tag\/behinderten-wc\/\" class=\"tag-cloud-link tag-link-17 tag-link-position-4\" style=\"font-size: 8pt;\" aria-label=\"behinderten-wc (1\u00a0Eintrag)\">behinderten-wc<\/a>\n<a href=\"https:\/\/inklusion-barrierefrei-idstein.de\/index.php\/tag\/idstein\/\" class=\"tag-cloud-link tag-link-16 tag-link-position-5\" style=\"font-size: 14.3pt;\" aria-label=\"idstein (2\u00a0Eintr\u00e4ge)\">idstein<\/a>\n<a href=\"https:\/\/inklusion-barrierefrei-idstein.de\/index.php\/tag\/inklusion-idstein\/\" class=\"tag-cloud-link tag-link-20 tag-link-position-6\" style=\"font-size: 22pt;\" aria-label=\"inklusion idstein (4\u00a0Eintr\u00e4ge)\">inklusion idstein<\/a><\/p>","protected":false},"excerpt":{"rendered":"<p>ist eine Aktionsgruppe und ein Forum f\u00fcr die vielf\u00e4ltigen Bed\u00fcrfnisse von Menschen mit Beeintr\u00e4chtigung in Idstein und wirbt f\u00fcr deren Inklusion in allen Bereichen des&#8230;<\/p>\n<div class=\"more-link-wrapper\"><a class=\"more-link\" href=\"https:\/\/inklusion-barrierefrei-idstein.de\/\">Weiterlesen<span class=\"screen-reader-text\">\u00dcber uns<\/span><\/a><\/div>\n","protected":false},"author":1,"featured_media":0,"parent":0,"menu_order":0,"comment_status":"closed","ping_status":"closed","template":"","meta":{"passster_activate_protection":false,"passster_protect_child_pages":"","passster_protection_type":"password","passster_password":"","passster_activate_overwrite_defaults":"","passster_headline":"","passster_instruction":"","passster_placeholder":"","passster_button":"","passster_id":"","passster_activate_misc_settings":"","passster_redirect_url":"","passster_hide":"no","passster_area_shortcode":"","footnotes":""},"class_list":["post-1010","page","type-page","status-publish","hentry","entry"],"_links":{"self":[{"href":"https:\/\/inklusion-barrierefrei-idstein.de\/index.php\/wp-json\/wp\/v2\/pages\/1010","targetHints":{"allow":["GET"]}}],"collection":[{"href":"https:\/\/inklusion-barrierefrei-idstein.de\/index.php\/wp-json\/wp\/v2\/pages"}],"about":[{"href":"https:\/\/inklusion-barrierefrei-idstein.de\/index.php\/wp-json\/wp\/v2\/types\/page"}],"author":[{"embeddable":true,"href":"https:\/\/inklusion-barrierefrei-idstein.de\/index.php\/wp-json\/wp\/v2\/users\/1"}],"replies":[{"embeddable":true,"href":"https:\/\/inklusion-barrierefrei-idstein.de\/index.php\/wp-json\/wp\/v2\/comments?post=1010"}],"version-history":[{"count":8,"href":"https:\/\/inklusion-barrierefrei-idstein.de\/index.php\/wp-json\/wp\/v2\/pages\/1010\/revisions"}],"predecessor-version":[{"id":1520,"href":"https:\/\/inklusion-barrierefrei-idstein.de\/index.php\/wp-json\/wp\/v2\/pages\/1010\/revisions\/1520"}],"wp:attachment":[{"href":"https:\/\/inklusion-barrierefrei-idstein.de\/index.php\/wp-json\/wp\/v2\/media?parent=1010"}],"curies":[{"name":"wp","href":"https:\/\/api.w.org\/{rel}","templated":true}]}}