{"id":1003,"date":"2023-02-06T09:19:06","date_gmt":"2023-02-06T08:19:06","guid":{"rendered":"https:\/\/inklusion-barrierefrei-idstein.de\/?page_id=1003"},"modified":"2023-02-10T09:20:34","modified_gmt":"2023-02-10T08:20:34","slug":"stadtfuehrer-fuer-alle","status":"publish","type":"page","link":"https:\/\/inklusion-barrierefrei-idstein.de\/index.php\/stadtfuehrer-fuer-alle\/","title":{"rendered":"Stadtf\u00fchrer f\u00fcr ALLE"},"content":{"rendered":"<div class=\"wp-block-image\">\n<figure class=\"aligncenter size-full is-resized\"><img loading=\"lazy\" decoding=\"async\" src=\"https:\/\/inklusion-barrierefrei-idstein.de\/wp-content\/uploads\/2023\/02\/LOGO-FLAYER-1.jpg\" alt=\"\" class=\"wp-image-1115\" width=\"332\" height=\"470\" srcset=\"https:\/\/inklusion-barrierefrei-idstein.de\/wp-content\/uploads\/2023\/02\/LOGO-FLAYER-1.jpg 595w, https:\/\/inklusion-barrierefrei-idstein.de\/wp-content\/uploads\/2023\/02\/LOGO-FLAYER-1-212x300.jpg 212w\" sizes=\"auto, (max-width: 332px) 100vw, 332px\" \/><\/figure>\n<\/div>\n\n<h1><span style=\"color: #0000ff;\"><strong>Vorwort<\/strong><\/span><\/h1>\n\n\n<p>Herzlich willkommen in unserem Stadtf\u00fchrer f\u00fcr Menschen mit handicap!<\/p>\n\n\n\n<p>Dabei haben<strong> wir uns bem\u00fcht zu beschreiben, was Sie vorfinden,<\/strong> da jeder ein anderes handicap hat und deshalb nicht pauschal unterschieden werden kann in \u201ebarrierefrei\u201c oder nicht.&nbsp;<\/p>\n\n\n\n<p>Der Weg ist unser Ziel! Betrachten Sie den Stadtf\u00fchrer bitte als Zwischenbericht, der von Ihnen und uns noch weiter entwickelt wird.&nbsp;<\/p>\n\n\n\n<p>Ver\u00e4nderungen werden aufgenom-men und vieles, was aus unserer Sicht verbessert werden muss, kommt als Anfrage und Vorschlag an den Magistrat der Stadt Idstein.<\/p>\n\n\n\n<p>Positiv ist, dass Verantwortliche aus Verwaltung, Magistrat und Parteien mit uns und den B\u00fcrgern zusammenarbeiten und unsere Sichtweise f\u00fcr Barrierefreiheit&nbsp; immer gefragter ist. Hilfsbereitschaft in vielen Situationen erleichtern letztlich die Unwegsamkeit \u00f6rtlicher Gegebenheiten; sprechen Sie also mit den Betroffenen, rufen Sie an!&nbsp; Es finden sich immer freundliche Helfer.<\/p>\n\n\n\n<p>Mit dieser Einstellung und unserem Stadtf\u00fchrer sind Sie gut ausger\u00fcstet.&nbsp;<\/p>\n\n\n\n<p>Wir w\u00fcnschen Ihnen alles Gute und w\u00fcrden uns \u00fcber eine R\u00fcckmeldung, gerne auch als Anregung und Kritik, freuen.<\/p>\n","protected":false},"excerpt":{"rendered":"<p>Vorwort Herzlich willkommen in unserem Stadtf\u00fchrer f\u00fcr Menschen mit handicap! Dabei haben wir uns bem\u00fcht zu beschreiben, was Sie vorfinden, da jeder ein anderes handicap&#8230;<\/p>\n<div class=\"more-link-wrapper\"><a class=\"more-link\" href=\"https:\/\/inklusion-barrierefrei-idstein.de\/index.php\/stadtfuehrer-fuer-alle\/\">Weiterlesen<span class=\"screen-reader-text\">Stadtf\u00fchrer f\u00fcr ALLE<\/span><\/a><\/div>\n","protected":false},"author":1,"featured_media":0,"parent":0,"menu_order":0,"comment_status":"closed","ping_status":"closed","template":"","meta":{"passster_activate_protection":false,"passster_protect_child_pages":"","passster_protection_type":"password","passster_password":"","passster_activate_overwrite_defaults":"","passster_headline":"","passster_instruction":"","passster_placeholder":"","passster_button":"","passster_id":"","passster_activate_misc_settings":"","passster_redirect_url":"","passster_hide":"no","passster_area_shortcode":"","footnotes":""},"class_list":["post-1003","page","type-page","status-publish","hentry","entry"],"_links":{"self":[{"href":"https:\/\/inklusion-barrierefrei-idstein.de\/index.php\/wp-json\/wp\/v2\/pages\/1003","targetHints":{"allow":["GET"]}}],"collection":[{"href":"https:\/\/inklusion-barrierefrei-idstein.de\/index.php\/wp-json\/wp\/v2\/pages"}],"about":[{"href":"https:\/\/inklusion-barrierefrei-idstein.de\/index.php\/wp-json\/wp\/v2\/types\/page"}],"author":[{"embeddable":true,"href":"https:\/\/inklusion-barrierefrei-idstein.de\/index.php\/wp-json\/wp\/v2\/users\/1"}],"replies":[{"embeddable":true,"href":"https:\/\/inklusion-barrierefrei-idstein.de\/index.php\/wp-json\/wp\/v2\/comments?post=1003"}],"version-history":[{"count":4,"href":"https:\/\/inklusion-barrierefrei-idstein.de\/index.php\/wp-json\/wp\/v2\/pages\/1003\/revisions"}],"predecessor-version":[{"id":1237,"href":"https:\/\/inklusion-barrierefrei-idstein.de\/index.php\/wp-json\/wp\/v2\/pages\/1003\/revisions\/1237"}],"wp:attachment":[{"href":"https:\/\/inklusion-barrierefrei-idstein.de\/index.php\/wp-json\/wp\/v2\/media?parent=1003"}],"curies":[{"name":"wp","href":"https:\/\/api.w.org\/{rel}","templated":true}]}}